{"id":1116,"date":"2024-11-21T08:53:43","date_gmt":"2024-11-21T08:53:43","guid":{"rendered":"http:\/\/dobcanna.com\/?post_type=product&#038;p=1116"},"modified":"2025-11-07T02:25:59","modified_gmt":"2025-11-07T02:25:59","slug":"mcrot-vaporizador-cbd-todo-en-1","status":"publish","type":"product","link":"https:\/\/www.dobcanna.com\/es\/product\/mcrot-vaporizador-cbd-todo-en-1\/","title":{"rendered":"Vaporizador de CBD todo en uno Mcrot"},"content":{"rendered":"<p><img fetchpriority=\"high\" decoding=\"async\" class=\"alignnone size-full wp-image-1708 aligncenter\" src=\"https:\/\/www.dobcanna.com\/wp-content\/uploads\/2024\/11\/04_Mcrot_b_001.webp\" alt=\"\" width=\"1920\" height=\"1176\" srcset=\"https:\/\/www.dobcanna.com\/wp-content\/uploads\/2024\/11\/04_Mcrot_b_001.webp 1920w, https:\/\/www.dobcanna.com\/wp-content\/uploads\/2024\/11\/04_Mcrot_b_001-768x470.webp 768w, https:\/\/www.dobcanna.com\/wp-content\/uploads\/2024\/11\/04_Mcrot_b_001-1536x941.webp 1536w, https:\/\/www.dobcanna.com\/wp-content\/uploads\/2024\/11\/04_Mcrot_b_001-600x368.webp 600w\" sizes=\"(max-width: 1920px) 100vw, 1920px\" \/> <img decoding=\"async\" class=\"alignnone size-medium wp-image-1709 aligncenter\" src=\"https:\/\/www.dobcanna.com\/wp-content\/uploads\/2024\/11\/04_Mcrot_b_002.webp\" alt=\"\" width=\"1920\" height=\"1667\" srcset=\"https:\/\/www.dobcanna.com\/wp-content\/uploads\/2024\/11\/04_Mcrot_b_002.webp 1920w, https:\/\/www.dobcanna.com\/wp-content\/uploads\/2024\/11\/04_Mcrot_b_002-768x667.webp 768w, https:\/\/www.dobcanna.com\/wp-content\/uploads\/2024\/11\/04_Mcrot_b_002-1536x1334.webp 1536w, https:\/\/www.dobcanna.com\/wp-content\/uploads\/2024\/11\/04_Mcrot_b_002-600x521.webp 600w\" sizes=\"(max-width: 1920px) 100vw, 1920px\" \/> <img decoding=\"async\" class=\"alignnone size-medium wp-image-1710 aligncenter\" src=\"https:\/\/www.dobcanna.com\/wp-content\/uploads\/2024\/11\/04_Mcrot_b_003.webp\" alt=\"\" width=\"1920\" height=\"972\" srcset=\"https:\/\/www.dobcanna.com\/wp-content\/uploads\/2024\/11\/04_Mcrot_b_003.webp 1920w, https:\/\/www.dobcanna.com\/wp-content\/uploads\/2024\/11\/04_Mcrot_b_003-768x389.webp 768w, https:\/\/www.dobcanna.com\/wp-content\/uploads\/2024\/11\/04_Mcrot_b_003-1536x778.webp 1536w, https:\/\/www.dobcanna.com\/wp-content\/uploads\/2024\/11\/04_Mcrot_b_003-600x304.webp 600w\" sizes=\"(max-width: 1920px) 100vw, 1920px\" \/> <img loading=\"lazy\" decoding=\"async\" class=\"alignnone size-medium wp-image-1711 aligncenter\" src=\"https:\/\/www.dobcanna.com\/wp-content\/uploads\/2024\/11\/04_Mcrot_b_004.webp\" alt=\"\" width=\"1920\" height=\"1235\" srcset=\"https:\/\/www.dobcanna.com\/wp-content\/uploads\/2024\/11\/04_Mcrot_b_004.webp 1920w, https:\/\/www.dobcanna.com\/wp-content\/uploads\/2024\/11\/04_Mcrot_b_004-768x494.webp 768w, https:\/\/www.dobcanna.com\/wp-content\/uploads\/2024\/11\/04_Mcrot_b_004-1536x988.webp 1536w, https:\/\/www.dobcanna.com\/wp-content\/uploads\/2024\/11\/04_Mcrot_b_004-600x386.webp 600w\" sizes=\"(max-width: 1920px) 100vw, 1920px\" \/> <img loading=\"lazy\" decoding=\"async\" class=\"alignnone size-medium wp-image-1712 aligncenter\" src=\"https:\/\/www.dobcanna.com\/wp-content\/uploads\/2024\/11\/04_Mcrot_b_005.webp\" alt=\"\" width=\"1920\" height=\"1464\" srcset=\"https:\/\/www.dobcanna.com\/wp-content\/uploads\/2024\/11\/04_Mcrot_b_005.webp 1920w, https:\/\/www.dobcanna.com\/wp-content\/uploads\/2024\/11\/04_Mcrot_b_005-768x586.webp 768w, https:\/\/www.dobcanna.com\/wp-content\/uploads\/2024\/11\/04_Mcrot_b_005-1536x1171.webp 1536w, https:\/\/www.dobcanna.com\/wp-content\/uploads\/2024\/11\/04_Mcrot_b_005-600x458.webp 600w\" sizes=\"(max-width: 1920px) 100vw, 1920px\" \/> <img loading=\"lazy\" decoding=\"async\" class=\"alignnone size-medium wp-image-1713 aligncenter\" src=\"https:\/\/www.dobcanna.com\/wp-content\/uploads\/2024\/11\/04_Mcrot_b_006.webp\" alt=\"\" width=\"1920\" height=\"1703\" srcset=\"https:\/\/www.dobcanna.com\/wp-content\/uploads\/2024\/11\/04_Mcrot_b_006.webp 1920w, https:\/\/www.dobcanna.com\/wp-content\/uploads\/2024\/11\/04_Mcrot_b_006-768x681.webp 768w, https:\/\/www.dobcanna.com\/wp-content\/uploads\/2024\/11\/04_Mcrot_b_006-1536x1362.webp 1536w, https:\/\/www.dobcanna.com\/wp-content\/uploads\/2024\/11\/04_Mcrot_b_006-600x532.webp 600w\" sizes=\"(max-width: 1920px) 100vw, 1920px\" \/> <img loading=\"lazy\" decoding=\"async\" class=\"alignnone size-medium wp-image-1714 aligncenter\" src=\"https:\/\/www.dobcanna.com\/wp-content\/uploads\/2024\/11\/04_Mcrot_b_007.webp\" alt=\"\" width=\"1920\" height=\"1499\" srcset=\"https:\/\/www.dobcanna.com\/wp-content\/uploads\/2024\/11\/04_Mcrot_b_007.webp 1920w, https:\/\/www.dobcanna.com\/wp-content\/uploads\/2024\/11\/04_Mcrot_b_007-768x600.webp 768w, https:\/\/www.dobcanna.com\/wp-content\/uploads\/2024\/11\/04_Mcrot_b_007-1536x1199.webp 1536w, https:\/\/www.dobcanna.com\/wp-content\/uploads\/2024\/11\/04_Mcrot_b_007-600x468.webp 600w\" sizes=\"(max-width: 1920px) 100vw, 1920px\" \/> <img loading=\"lazy\" decoding=\"async\" class=\"alignnone size-medium wp-image-1715 aligncenter\" src=\"https:\/\/www.dobcanna.com\/wp-content\/uploads\/2024\/11\/04_Mcrot_b_008.webp\" alt=\"\" width=\"1920\" height=\"1380\" srcset=\"https:\/\/www.dobcanna.com\/wp-content\/uploads\/2024\/11\/04_Mcrot_b_008.webp 1920w, https:\/\/www.dobcanna.com\/wp-content\/uploads\/2024\/11\/04_Mcrot_b_008-768x552.webp 768w, https:\/\/www.dobcanna.com\/wp-content\/uploads\/2024\/11\/04_Mcrot_b_008-1536x1104.webp 1536w, https:\/\/www.dobcanna.com\/wp-content\/uploads\/2024\/11\/04_Mcrot_b_008-600x431.webp 600w\" sizes=\"(max-width: 1920px) 100vw, 1920px\" \/><\/p>\n<h2>Instrucciones de llenado de aceite:<\/h2>\n<p>1. Caliente el aceite a 140\u00b0F, inserte la aguja de aceite en el dep\u00f3sito de aceite a trav\u00e9s del orificio central superior y mant\u00e9ngala en posici\u00f3n vertical, el volumen m\u00e1ximo de llenado de aceite es de 1,0ml\/2,0ml.<\/p>\n<p>\u2666 No llene en exceso ni permita que entre aceite en las v\u00edas respiratorias de ambos lados.<\/p>\n<p>2. Despu\u00e9s del llenado, monte inmediatamente la tapa de la boquilla hasta que quede bien ajustada.<\/p>\n<p>\u2666 Si no monta la tapa de la boquilla antes de 2 minutos, pueden producirse fugas.<\/p>\n<p><img loading=\"lazy\" decoding=\"async\" class=\"alignnone oil-filling size-full wp-image-2165\" src=\"https:\/\/www.dobcanna.com\/wp-content\/uploads\/04_Mcrot_BM002.webp\" alt=\"Pasos para rellenar el aceite del vaporizador de CBD Mcrot All-in-One\" width=\"1200\" height=\"501\" srcset=\"https:\/\/www.dobcanna.com\/wp-content\/uploads\/04_Mcrot_BM002.webp 1200w, https:\/\/www.dobcanna.com\/wp-content\/uploads\/04_Mcrot_BM002-768x321.webp 768w, https:\/\/www.dobcanna.com\/wp-content\/uploads\/04_Mcrot_BM002-600x251.webp 600w\" sizes=\"(max-width: 1200px) 100vw, 1200px\" \/><\/p>","protected":false},"excerpt":{"rendered":"<p>El vaping divertido que conmocion\u00f3 a todo el sector ha redefinido el concepto de vaping oculto en la industria del cannabis. Puedes disfrutar de la experiencia de fumar definitiva mientras te diviertes vapeando.<\/p>","protected":false},"featured_media":1598,"template":"","meta":[],"product_brand":[],"product_cat":[19],"product_tag":[],"class_list":{"0":"post-1116","1":"product","2":"type-product","3":"status-publish","4":"has-post-thumbnail","6":"product_cat-disposable-vape","8":"first","9":"instock","10":"shipping-taxable","11":"product-type-simple"},"_links":{"self":[{"href":"https:\/\/www.dobcanna.com\/es\/wp-json\/wp\/v2\/product\/1116","targetHints":{"allow":["GET"]}}],"collection":[{"href":"https:\/\/www.dobcanna.com\/es\/wp-json\/wp\/v2\/product"}],"about":[{"href":"https:\/\/www.dobcanna.com\/es\/wp-json\/wp\/v2\/types\/product"}],"wp:featuredmedia":[{"embeddable":true,"href":"https:\/\/www.dobcanna.com\/es\/wp-json\/wp\/v2\/media\/1598"}],"wp:attachment":[{"href":"https:\/\/www.dobcanna.com\/es\/wp-json\/wp\/v2\/media?parent=1116"}],"wp:term":[{"taxonomy":"product_brand","embeddable":true,"href":"https:\/\/www.dobcanna.com\/es\/wp-json\/wp\/v2\/product_brand?post=1116"},{"taxonomy":"product_cat","embeddable":true,"href":"https:\/\/www.dobcanna.com\/es\/wp-json\/wp\/v2\/product_cat?post=1116"},{"taxonomy":"product_tag","embeddable":true,"href":"https:\/\/www.dobcanna.com\/es\/wp-json\/wp\/v2\/product_tag?post=1116"}],"curies":[{"name":"wp","href":"https:\/\/api.w.org\/{rel}","templated":true}]}}