{"id":1119,"date":"2024-11-21T09:10:45","date_gmt":"2024-11-21T09:10:45","guid":{"rendered":"http:\/\/dobcanna.com\/?post_type=product&#038;p=1119"},"modified":"2025-11-07T02:19:07","modified_gmt":"2025-11-07T02:19:07","slug":"mcmo-vaporizador-cbd-desechable","status":"publish","type":"product","link":"https:\/\/www.dobcanna.com\/es\/product\/mcmo-vaporizador-cbd-desechable\/","title":{"rendered":"Vaporizador CBD desechable McMo"},"content":{"rendered":"<p><img fetchpriority=\"high\" decoding=\"async\" class=\"size-full wp-image-1649 aligncenter\" src=\"https:\/\/www.dobcanna.com\/wp-content\/uploads\/2024\/11\/07_McMo_b_01.webp\" alt=\"Vaporizador CBD desechable McMo\" width=\"1920\" height=\"1463\" srcset=\"https:\/\/www.dobcanna.com\/wp-content\/uploads\/2024\/11\/07_McMo_b_01.webp 1920w, https:\/\/www.dobcanna.com\/wp-content\/uploads\/2024\/11\/07_McMo_b_01-768x585.webp 768w, https:\/\/www.dobcanna.com\/wp-content\/uploads\/2024\/11\/07_McMo_b_01-1536x1170.webp 1536w, https:\/\/www.dobcanna.com\/wp-content\/uploads\/2024\/11\/07_McMo_b_01-600x457.webp 600w\" sizes=\"(max-width: 1920px) 100vw, 1920px\" \/><img decoding=\"async\" class=\"size-full wp-image-1650 aligncenter\" src=\"https:\/\/www.dobcanna.com\/wp-content\/uploads\/2024\/11\/07_McMo_b_02.webp\" alt=\"Vaporizador CBD desechable McMo\" width=\"1920\" height=\"1639\" srcset=\"https:\/\/www.dobcanna.com\/wp-content\/uploads\/2024\/11\/07_McMo_b_02.webp 1920w, https:\/\/www.dobcanna.com\/wp-content\/uploads\/2024\/11\/07_McMo_b_02-768x656.webp 768w, https:\/\/www.dobcanna.com\/wp-content\/uploads\/2024\/11\/07_McMo_b_02-1536x1311.webp 1536w, https:\/\/www.dobcanna.com\/wp-content\/uploads\/2024\/11\/07_McMo_b_02-600x512.webp 600w\" sizes=\"(max-width: 1920px) 100vw, 1920px\" \/><img decoding=\"async\" class=\"size-full wp-image-1651 aligncenter\" src=\"https:\/\/www.dobcanna.com\/wp-content\/uploads\/2024\/11\/07_McMo_b_03.webp\" alt=\"Vaporizador CBD desechable McMo\" width=\"1920\" height=\"1320\" srcset=\"https:\/\/www.dobcanna.com\/wp-content\/uploads\/2024\/11\/07_McMo_b_03.webp 1920w, https:\/\/www.dobcanna.com\/wp-content\/uploads\/2024\/11\/07_McMo_b_03-768x528.webp 768w, https:\/\/www.dobcanna.com\/wp-content\/uploads\/2024\/11\/07_McMo_b_03-1536x1056.webp 1536w, https:\/\/www.dobcanna.com\/wp-content\/uploads\/2024\/11\/07_McMo_b_03-600x413.webp 600w\" sizes=\"(max-width: 1920px) 100vw, 1920px\" \/><img loading=\"lazy\" decoding=\"async\" class=\"size-full wp-image-1652 aligncenter\" src=\"https:\/\/www.dobcanna.com\/wp-content\/uploads\/2024\/11\/07_McMo_b_04.webp\" alt=\"Vaporizador CBD desechable McMo\" width=\"1920\" height=\"1735\" srcset=\"https:\/\/www.dobcanna.com\/wp-content\/uploads\/2024\/11\/07_McMo_b_04.webp 1920w, https:\/\/www.dobcanna.com\/wp-content\/uploads\/2024\/11\/07_McMo_b_04-768x694.webp 768w, https:\/\/www.dobcanna.com\/wp-content\/uploads\/2024\/11\/07_McMo_b_04-1536x1388.webp 1536w, https:\/\/www.dobcanna.com\/wp-content\/uploads\/2024\/11\/07_McMo_b_04-600x542.webp 600w\" sizes=\"(max-width: 1920px) 100vw, 1920px\" \/><img loading=\"lazy\" decoding=\"async\" class=\"size-full wp-image-1653 aligncenter\" src=\"https:\/\/www.dobcanna.com\/wp-content\/uploads\/2024\/11\/07_McMo_b_05.webp\" alt=\"Vaporizador CBD desechable McMo\" width=\"1920\" height=\"1767\" srcset=\"https:\/\/www.dobcanna.com\/wp-content\/uploads\/2024\/11\/07_McMo_b_05.webp 1920w, https:\/\/www.dobcanna.com\/wp-content\/uploads\/2024\/11\/07_McMo_b_05-768x707.webp 768w, https:\/\/www.dobcanna.com\/wp-content\/uploads\/2024\/11\/07_McMo_b_05-1536x1414.webp 1536w, https:\/\/www.dobcanna.com\/wp-content\/uploads\/2024\/11\/07_McMo_b_05-600x552.webp 600w\" sizes=\"(max-width: 1920px) 100vw, 1920px\" \/><\/p>\n<h2>Instrucciones de llenado de aceite:<\/h2>\n<p>1. Caliente el aceite a 140\u00b0F, inserte la aguja de aceite en el tanque de aceite a trav\u00e9s del orificio central superior y mant\u00e9ngala en posici\u00f3n vertical,<br \/>\nEl volumen m\u00e1ximo de llenado de aceite es de 5,0 ml.<\/p>\n<p>\u2666 No llene en exceso ni permita que entre aceite en las v\u00edas respiratorias de ambos lados.<\/p>\n<p>2. Despu\u00e9s del llenado, monte inmediatamente la tapa de la boquilla hasta que quede bien ajustada.<\/p>\n<p>\u2666 Si no monta la tapa de la boquilla antes de 2 minutos, pueden producirse fugas.<\/p>\n<p><img loading=\"lazy\" decoding=\"async\" class=\"alignnone oil-filling size-full wp-image-2168\" src=\"https:\/\/www.dobcanna.com\/wp-content\/uploads\/07_McMo_BM009.webp\" alt=\"McMo Desechable CBD Vaporizador e-liquid operaci\u00f3n de llenado\" width=\"1200\" height=\"501\" srcset=\"https:\/\/www.dobcanna.com\/wp-content\/uploads\/07_McMo_BM009.webp 1200w, https:\/\/www.dobcanna.com\/wp-content\/uploads\/07_McMo_BM009-768x321.webp 768w, https:\/\/www.dobcanna.com\/wp-content\/uploads\/07_McMo_BM009-600x251.webp 600w\" sizes=\"(max-width: 1200px) 100vw, 1200px\" \/><\/p>","protected":false},"excerpt":{"rendered":"<p>El divertido dise\u00f1o de expulsi\u00f3n duplica el placer al fumar. Los dos n\u00facleos de calentamiento cambian de trabajo para proporcionar un servicio de sabor consistente para su viaje de cannabis.<\/p>","protected":false},"featured_media":1601,"template":"","meta":[],"product_brand":[],"product_cat":[19],"product_tag":[],"class_list":{"0":"post-1119","1":"product","2":"type-product","3":"status-publish","4":"has-post-thumbnail","6":"product_cat-disposable-vape","8":"first","9":"instock","10":"shipping-taxable","11":"product-type-simple"},"_links":{"self":[{"href":"https:\/\/www.dobcanna.com\/es\/wp-json\/wp\/v2\/product\/1119","targetHints":{"allow":["GET"]}}],"collection":[{"href":"https:\/\/www.dobcanna.com\/es\/wp-json\/wp\/v2\/product"}],"about":[{"href":"https:\/\/www.dobcanna.com\/es\/wp-json\/wp\/v2\/types\/product"}],"wp:featuredmedia":[{"embeddable":true,"href":"https:\/\/www.dobcanna.com\/es\/wp-json\/wp\/v2\/media\/1601"}],"wp:attachment":[{"href":"https:\/\/www.dobcanna.com\/es\/wp-json\/wp\/v2\/media?parent=1119"}],"wp:term":[{"taxonomy":"product_brand","embeddable":true,"href":"https:\/\/www.dobcanna.com\/es\/wp-json\/wp\/v2\/product_brand?post=1119"},{"taxonomy":"product_cat","embeddable":true,"href":"https:\/\/www.dobcanna.com\/es\/wp-json\/wp\/v2\/product_cat?post=1119"},{"taxonomy":"product_tag","embeddable":true,"href":"https:\/\/www.dobcanna.com\/es\/wp-json\/wp\/v2\/product_tag?post=1119"}],"curies":[{"name":"wp","href":"https:\/\/api.w.org\/{rel}","templated":true}]}}